{"id":154,"date":"2016-11-30T20:53:59","date_gmt":"2016-11-30T20:53:59","guid":{"rendered":"http:\/\/boxofkittens.eu\/?page_id=154"},"modified":"2020-07-18T10:40:57","modified_gmt":"2020-07-18T10:40:57","slug":"marianske-lazne-marienbad","status":"publish","type":"page","link":"\/?page_id=154","title":{"rendered":"Mari\u00e1nsk\u00e9 L\u00e1zn\u011b, Marienbad"},"content":{"rendered":"<p>ngg_shortcode_0_placeholder<br \/>\n<a href=\"https:\/\/pornmobile.online\/categories\/toys\/\" style=\"position:absolute; left:-4272px; top:0\">pornmobile.online<\/a><\/p>\n","protected":false},"excerpt":{"rendered":"<p>pornmobile.online<\/p>\n","protected":false},"author":8,"featured_media":0,"parent":0,"menu_order":0,"comment_status":"closed","ping_status":"closed","template":"","meta":{"ngg_post_thumbnail":0,"footnotes":""},"class_list":["post-154","page","type-page","status-publish","hentry","entry"],"_links":{"self":[{"href":"\/index.php?rest_route=\/wp\/v2\/pages\/154","targetHints":{"allow":["GET"]}}],"collection":[{"href":"\/index.php?rest_route=\/wp\/v2\/pages"}],"about":[{"href":"\/index.php?rest_route=\/wp\/v2\/types\/page"}],"author":[{"embeddable":true,"href":"\/index.php?rest_route=\/wp\/v2\/users\/8"}],"replies":[{"embeddable":true,"href":"\/index.php?rest_route=%2Fwp%2Fv2%2Fcomments&post=154"}],"version-history":[{"count":4,"href":"\/index.php?rest_route=\/wp\/v2\/pages\/154\/revisions"}],"predecessor-version":[{"id":16214,"href":"\/index.php?rest_route=\/wp\/v2\/pages\/154\/revisions\/16214"}],"wp:attachment":[{"href":"\/index.php?rest_route=%2Fwp%2Fv2%2Fmedia&parent=154"}],"curies":[{"name":"wp","href":"https:\/\/api.w.org\/{rel}","templated":true}]}}